{"id":281,"date":"2018-09-11T06:20:48","date_gmt":"2018-09-11T06:20:48","guid":{"rendered":"https:\/\/demo.themegrill.com\/zakra-dentist\/?page_id=7"},"modified":"2024-09-23T17:51:05","modified_gmt":"2024-09-23T15:51:05","slug":"home","status":"publish","type":"page","link":"https:\/\/doktorchromy.pl\/","title":{"rendered":"Home"},"content":{"rendered":"\t\t<div data-elementor-type=\"wp-post\" data-elementor-id=\"281\" class=\"elementor elementor-281\">\n\t\t\t\t\t\t<section class=\"elementor-section elementor-top-section elementor-element elementor-element-e1d8d36 elementor-section-stretched elementor-section-height-full elementor-section-content-middle elementor-section-boxed elementor-section-height-default elementor-section-items-middle\" data-id=\"e1d8d36\" data-element_type=\"section\" data-settings=\"{&quot;stretch_section&quot;:&quot;section-stretched&quot;,&quot;background_background&quot;:&quot;classic&quot;}\">\n\t\t\t\t\t\t<div class=\"elementor-container elementor-column-gap-default\">\n\t\t\t\t\t<div class=\"elementor-column elementor-col-100 elementor-top-column elementor-element elementor-element-5a96866\" data-id=\"5a96866\" data-element_type=\"column\">\n\t\t\t<div class=\"elementor-widget-wrap\">\n\t\t\t\t\t\t\t<\/div>\n\t\t<\/div>\n\t\t\t\t\t<\/div>\n\t\t<\/section>\n\t\t\t\t<section class=\"elementor-section elementor-top-section elementor-element elementor-element-a1e8b95 elementor-section-stretched elementor-section-boxed elementor-section-height-default elementor-section-height-default\" data-id=\"a1e8b95\" data-element_type=\"section\" data-settings=\"{&quot;stretch_section&quot;:&quot;section-stretched&quot;,&quot;background_background&quot;:&quot;classic&quot;}\">\n\t\t\t\t\t\t<div class=\"elementor-container elementor-column-gap-default\">\n\t\t\t\t\t<div class=\"elementor-column elementor-col-100 elementor-top-column elementor-element elementor-element-124d2cc\" data-id=\"124d2cc\" data-element_type=\"column\">\n\t\t\t<div class=\"elementor-widget-wrap elementor-element-populated\">\n\t\t\t\t\t\t<div class=\"elementor-element elementor-element-78c7c75 elementor-widget elementor-widget-menu-anchor\" data-id=\"78c7c75\" data-element_type=\"widget\" data-widget_type=\"menu-anchor.default\">\n\t\t\t\t<div class=\"elementor-widget-container\">\n\t\t\t\t\t\t\t<div class=\"elementor-menu-anchor\" id=\"o-nas\"><\/div>\n\t\t\t\t\t\t<\/div>\n\t\t\t\t<\/div>\n\t\t\t\t<div class=\"elementor-element elementor-element-765d2cc elementor-widget elementor-widget-heading\" data-id=\"765d2cc\" data-element_type=\"widget\" data-widget_type=\"heading.default\">\n\t\t\t\t<div class=\"elementor-widget-container\">\n\t\t\t\t\t<h2 class=\"elementor-heading-title elementor-size-default\">O nas<\/h2>\t\t\t\t<\/div>\n\t\t\t\t<\/div>\n\t\t<div class=\"elementor-element elementor-element-1350767 e-grid e-con-boxed e-con e-parent\" data-id=\"1350767\" data-element_type=\"container\">\n\t\t\t\t\t<div class=\"e-con-inner\">\n\t\t\t\t<div class=\"elementor-element elementor-element-f3663b1 elementor-widget elementor-widget-text-editor\" data-id=\"f3663b1\" data-element_type=\"widget\" data-widget_type=\"text-editor.default\">\n\t\t\t\t<div class=\"elementor-widget-container\">\n\t\t\t\t\t\t\t\t\t<p>Gabinet stomatologiczny istnieje od 1999 roku. Najpierw mia\u0142 siedzib\u0119 w\u00a0Bytomiu, przy ulicy Ch\u0142odnej 1, a nast\u0119pnie zosta\u0142 przeniesiony do Gliwic, gdzie funkcjonuje do dzi\u015b.<\/p><p>Na wizyty mo\u017cna umawia\u0107 si\u0119 osobi\u015bcie lub telefonicznie w\u00a0godzinach pracy gabinetu. Przy umawianiu wizyty zostanie Pa\u0144stwu wyznaczony konkretny dzie\u0144 i godzina, aby nie tracili Pa\u0144stwo cennego czasu w poczekalni. Je\u017celi b\u0119d\u0105 towarzyszy\u0142y Pa\u0144stwu dzieci, na pewno znajd\u0105 u nas co\u015b, co skr\u00f3ci i umili ich czas oczekiwania.<\/p><p>Nasze g\u0142\u00f3wne zalety:<br \/>&#8211; poradnia znajduje si\u0119 w samym centrum Gliwic, tu\u017c obok &#8222;Spalonego teatru&#8221;,<br \/>&#8211; pracujemy dok\u0142adnie i estetycznie,<br \/>&#8211; pacjenci s\u0105 przyjmowani bez b\u00f3lu i stresu,<br \/>&#8211; bez d\u0142ugiego oczekiwania.<\/p><p>Je\u017celi nie mo\u017cecie Pa\u0144stwo przyj\u015b\u0107 na wizyt\u0119 w wyznaczonym dniu lub mo\u017cecie by\u0107 sp\u00f3\u017anieni prosimy o kontakt telefoniczny &#8211; wyznaczymy nowy termin wizyty, a zg\u0142oszenie znacznie usprawni nam prac\u0119.<\/p><p>Zapraszam,<br \/>lekarz dentysta<br \/>Marcin Chromy<\/p>\t\t\t\t\t\t\t\t<\/div>\n\t\t\t\t<\/div>\n\t\t\t\t<div class=\"elementor-element elementor-element-250b767 elementor-widget__width-initial elementor-widget elementor-widget-image\" data-id=\"250b767\" data-element_type=\"widget\" data-widget_type=\"image.default\">\n\t\t\t\t<div class=\"elementor-widget-container\">\n\t\t\t\t\t\t\t\t\t\t\t\t\t\t\t<img fetchpriority=\"high\" decoding=\"async\" width=\"812\" height=\"985\" src=\"https:\/\/doktorchromy.pl\/wp-content\/uploads\/2024\/06\/panc-844x1024.jpg\" class=\"attachment-large size-large wp-image-385\" alt=\"\" srcset=\"https:\/\/doktorchromy.pl\/wp-content\/uploads\/2024\/06\/panc-844x1024.jpg 844w, https:\/\/doktorchromy.pl\/wp-content\/uploads\/2024\/06\/panc-247x300.jpg 247w, https:\/\/doktorchromy.pl\/wp-content\/uploads\/2024\/06\/panc-768x932.jpg 768w, https:\/\/doktorchromy.pl\/wp-content\/uploads\/2024\/06\/panc-1266x1536.jpg 1266w, https:\/\/doktorchromy.pl\/wp-content\/uploads\/2024\/06\/panc-1687x2048.jpg 1687w\" sizes=\"(max-width: 812px) 100vw, 812px\" \/>\t\t\t\t\t\t\t\t\t\t\t\t\t\t\t<\/div>\n\t\t\t\t<\/div>\n\t\t\t\t\t<\/div>\n\t\t\t\t<\/div>\n\t\t\t\t<div class=\"elementor-element elementor-element-0f7905f elementor-widget elementor-widget-menu-anchor\" data-id=\"0f7905f\" data-element_type=\"widget\" data-widget_type=\"menu-anchor.default\">\n\t\t\t\t<div class=\"elementor-widget-container\">\n\t\t\t\t\t\t\t<div class=\"elementor-menu-anchor\" id=\"oferta\"><\/div>\n\t\t\t\t\t\t<\/div>\n\t\t\t\t<\/div>\n\t\t\t\t\t<\/div>\n\t\t<\/div>\n\t\t\t\t\t<\/div>\n\t\t<\/section>\n\t\t<div class=\"elementor-element elementor-element-3693c39 e-flex e-con-boxed e-con e-parent\" data-id=\"3693c39\" data-element_type=\"container\">\n\t\t\t\t\t<div class=\"e-con-inner\">\n\t\t\t\t<div class=\"elementor-element elementor-element-54163ca elementor-widget elementor-widget-heading\" data-id=\"54163ca\" data-element_type=\"widget\" data-widget_type=\"heading.default\">\n\t\t\t\t<div class=\"elementor-widget-container\">\n\t\t\t\t\t<h2 class=\"elementor-heading-title elementor-size-default\"><h2 data-elementor-setting-key=\"title\" data-pen-placeholder=\"Pisz tutaj...\" style=\"font-size: 60px;font-style: normal;font-weight: 600;font-family: Roboto, sans-serif;letter-spacing: 0.16px;text-align: center\">Oferta<\/h2><\/h2>\t\t\t\t<\/div>\n\t\t\t\t<\/div>\n\t\t\t\t\t<\/div>\n\t\t\t\t<\/div>\n\t\t\t\t<section class=\"elementor-section elementor-top-section elementor-element elementor-element-f58950a elementor-section-boxed elementor-section-height-default elementor-section-height-default\" data-id=\"f58950a\" data-element_type=\"section\">\n\t\t\t\t\t\t<div class=\"elementor-container elementor-column-gap-extended\">\n\t\t\t\t\t<div class=\"elementor-column elementor-col-33 elementor-top-column elementor-element elementor-element-a00b46d\" data-id=\"a00b46d\" data-element_type=\"column\">\n\t\t\t<div class=\"elementor-widget-wrap elementor-element-populated\">\n\t\t\t\t\t\t<div class=\"elementor-element elementor-element-4b0225c elementor-widget elementor-widget-image\" data-id=\"4b0225c\" data-element_type=\"widget\" data-widget_type=\"image.default\">\n\t\t\t\t<div class=\"elementor-widget-container\">\n\t\t\t\t\t\t\t\t\t\t\t\t\t\t\t<img decoding=\"async\" width=\"80\" height=\"80\" src=\"https:\/\/doktorchromy.pl\/wp-content\/uploads\/2018\/09\/braces.png\" class=\"attachment-full size-full wp-image-26\" alt=\"\" \/>\t\t\t\t\t\t\t\t\t\t\t\t\t\t\t<\/div>\n\t\t\t\t<\/div>\n\t\t\t\t<div class=\"elementor-element elementor-element-d212cae elementor-widget elementor-widget-heading\" data-id=\"d212cae\" data-element_type=\"widget\" data-widget_type=\"heading.default\">\n\t\t\t\t<div class=\"elementor-widget-container\">\n\t\t\t\t\t<h4 class=\"elementor-heading-title elementor-size-default\">Ortodoncja<\/h4>\t\t\t\t<\/div>\n\t\t\t\t<\/div>\n\t\t\t\t<div class=\"elementor-element elementor-element-ce6e657 elementor-widget elementor-widget-text-editor\" data-id=\"ce6e657\" data-element_type=\"widget\" data-widget_type=\"text-editor.default\">\n\t\t\t\t<div class=\"elementor-widget-container\">\n\t\t\t\t\t\t\t\t\t<p>\u25cf diagnostyka i konsultacja<br \/>\u25cf ustalenie planu leczenia<br \/>\u25cf wyb\u00f3r odpowiedniego aparatu ortodontycznego: sta\u0142ego, ruchomego lub tzw. trainera<br \/>\u25cf za\u0142o\u017cenie aparatu sta\u0142ego<br \/>\u25cf regularn\u0105 kontrol\u0119<br \/>\u25cf por\u00f3wnanie \u201eprzed\u201d i \u201epo\u201d leczeniu<br \/>\u25cf w\u00a0razie konieczno\u015bci za\u0142o\u017cenie szyny retencyjnej , kt\u00f3ra pomaga utrzyma\u0107 efekt leczenia<br \/><br \/><\/p>\t\t\t\t\t\t\t\t<\/div>\n\t\t\t\t<\/div>\n\t\t\t\t\t<\/div>\n\t\t<\/div>\n\t\t\t\t<div class=\"elementor-column elementor-col-33 elementor-top-column elementor-element elementor-element-2da6fde\" data-id=\"2da6fde\" data-element_type=\"column\">\n\t\t\t<div class=\"elementor-widget-wrap elementor-element-populated\">\n\t\t\t\t\t\t<div class=\"elementor-element elementor-element-e2f87e6 elementor-widget elementor-widget-image\" data-id=\"e2f87e6\" data-element_type=\"widget\" data-widget_type=\"image.default\">\n\t\t\t\t<div class=\"elementor-widget-container\">\n\t\t\t\t\t\t\t\t\t\t\t\t\t\t\t<img decoding=\"async\" width=\"80\" height=\"80\" src=\"https:\/\/doktorchromy.pl\/wp-content\/uploads\/2018\/09\/crown.png\" class=\"attachment-full size-full wp-image-28\" alt=\"\" \/>\t\t\t\t\t\t\t\t\t\t\t\t\t\t\t<\/div>\n\t\t\t\t<\/div>\n\t\t\t\t<div class=\"elementor-element elementor-element-a2162c3 elementor-widget elementor-widget-heading\" data-id=\"a2162c3\" data-element_type=\"widget\" data-widget_type=\"heading.default\">\n\t\t\t\t<div class=\"elementor-widget-container\">\n\t\t\t\t\t<h4 class=\"elementor-heading-title elementor-size-default\">Protetyka stomatologiczna<\/h4>\t\t\t\t<\/div>\n\t\t\t\t<\/div>\n\t\t\t\t<div class=\"elementor-element elementor-element-66cbcdb elementor-widget elementor-widget-text-editor\" data-id=\"66cbcdb\" data-element_type=\"widget\" data-widget_type=\"text-editor.default\">\n\t\t\t\t<div class=\"elementor-widget-container\">\n\t\t\t\t\t\t\t\t\t<p>\u25cf protezy ca\u0142kowite<br \/>\u25cf protezy szkieletowe<br \/>\u25cf protezy teleskopowe<br \/>\u25cf mosty<br \/>\u25cf korony<\/p>\t\t\t\t\t\t\t\t<\/div>\n\t\t\t\t<\/div>\n\t\t\t\t\t<\/div>\n\t\t<\/div>\n\t\t\t\t<div class=\"elementor-column elementor-col-33 elementor-top-column elementor-element elementor-element-da36af2\" data-id=\"da36af2\" data-element_type=\"column\">\n\t\t\t<div class=\"elementor-widget-wrap elementor-element-populated\">\n\t\t\t\t\t\t<div class=\"elementor-element elementor-element-b4e72ff elementor-widget elementor-widget-image\" data-id=\"b4e72ff\" data-element_type=\"widget\" data-widget_type=\"image.default\">\n\t\t\t\t<div class=\"elementor-widget-container\">\n\t\t\t\t\t\t\t\t\t\t\t\t\t\t\t<img loading=\"lazy\" decoding=\"async\" width=\"80\" height=\"80\" src=\"https:\/\/doktorchromy.pl\/wp-content\/uploads\/2018\/09\/checkup.png\" class=\"attachment-large size-large wp-image-27\" alt=\"\" \/>\t\t\t\t\t\t\t\t\t\t\t\t\t\t\t<\/div>\n\t\t\t\t<\/div>\n\t\t\t\t<div class=\"elementor-element elementor-element-1070d0a elementor-widget elementor-widget-heading\" data-id=\"1070d0a\" data-element_type=\"widget\" data-widget_type=\"heading.default\">\n\t\t\t\t<div class=\"elementor-widget-container\">\n\t\t\t\t\t<h4 class=\"elementor-heading-title elementor-size-default\">Chirurgia stomatologiczna i implantologia<\/h4>\t\t\t\t<\/div>\n\t\t\t\t<\/div>\n\t\t\t\t<div class=\"elementor-element elementor-element-a01a4ab elementor-widget elementor-widget-text-editor\" data-id=\"a01a4ab\" data-element_type=\"widget\" data-widget_type=\"text-editor.default\">\n\t\t\t\t<div class=\"elementor-widget-container\">\n\t\t\t\t\t\t\t\t\t<p>\u25cf plastyka w\u0119dzide\u0142ka<br \/>\u25cf zabiegi implantologiczne<\/p>\t\t\t\t\t\t\t\t<\/div>\n\t\t\t\t<\/div>\n\t\t\t\t\t<\/div>\n\t\t<\/div>\n\t\t\t\t\t<\/div>\n\t\t<\/section>\n\t\t<div class=\"elementor-element elementor-element-ee3809c e-flex e-con-boxed e-con e-parent\" data-id=\"ee3809c\" data-element_type=\"container\">\n\t\t\t\t\t<div class=\"e-con-inner\">\n\t\t<div class=\"elementor-element elementor-element-626f268 e-con-full e-flex e-con e-child\" data-id=\"626f268\" data-element_type=\"container\">\n\t\t\t\t<div class=\"elementor-element elementor-element-344b5f3 elementor-widget elementor-widget-menu-anchor\" data-id=\"344b5f3\" data-element_type=\"widget\" data-widget_type=\"menu-anchor.default\">\n\t\t\t\t<div class=\"elementor-widget-container\">\n\t\t\t\t\t\t\t<div class=\"elementor-menu-anchor\" id=\"aktualnosci\"><\/div>\n\t\t\t\t\t\t<\/div>\n\t\t\t\t<\/div>\n\t\t\t\t<div class=\"elementor-element elementor-element-62758d8 elementor-widget elementor-widget-heading\" data-id=\"62758d8\" data-element_type=\"widget\" data-widget_type=\"heading.default\">\n\t\t\t\t<div class=\"elementor-widget-container\">\n\t\t\t\t\t<h2 class=\"elementor-heading-title elementor-size-default\">Aktualno\u015bci<\/h2>\t\t\t\t<\/div>\n\t\t\t\t<\/div>\n\t\t\t\t<div class=\"elementor-element elementor-element-136892d elementor-widget elementor-widget-html\" data-id=\"136892d\" data-element_type=\"widget\" data-widget_type=\"html.default\">\n\t\t\t\t<div class=\"elementor-widget-container\">\n\t\t\t\t\t<div id=\"fb-root\"><\/div>\n<script async defer crossorigin=\"anonymous\" src=\"https:\/\/connect.facebook.net\/pl_PL\/sdk.js#xfbml=1&version=v20.0\" nonce=\"YpouM1cn\"><\/script>\n\n<div class=\"fb-page\" data-href=\"https:\/\/www.facebook.com\/marcinchromy.gliwice\/\" data-tabs=\"timeline\" data-width=\"1500\" data-height=\"\" data-small-header=\"false\" data-adapt-container-width=\"true\" data-hide-cover=\"false\" data-show-facepile=\"true\"><blockquote cite=\"https:\/\/www.facebook.com\/marcinchromy.gliwice\/\" class=\"fb-xfbml-parse-ignore\"><a href=\"https:\/\/www.facebook.com\/marcinchromy.gliwice\/\">Poradnia Stomatologiczna Marcin Chromy<\/a><\/blockquote><\/div>\t\t\t\t<\/div>\n\t\t\t\t<\/div>\n\t\t\t\t<div class=\"elementor-element elementor-element-b366d05 elementor-widget elementor-widget-menu-anchor\" data-id=\"b366d05\" data-element_type=\"widget\" data-widget_type=\"menu-anchor.default\">\n\t\t\t\t<div class=\"elementor-widget-container\">\n\t\t\t\t\t\t\t<div class=\"elementor-menu-anchor\" id=\"ciekawostki\"><\/div>\n\t\t\t\t\t\t<\/div>\n\t\t\t\t<\/div>\n\t\t\t\t<\/div>\n\t\t\t\t\t<\/div>\n\t\t\t\t<\/div>\n\t\t<div class=\"elementor-element elementor-element-04b0efa e-flex e-con-boxed e-con e-parent\" data-id=\"04b0efa\" data-element_type=\"container\">\n\t\t\t\t\t<div class=\"e-con-inner\">\n\t\t<div class=\"elementor-element elementor-element-f5d3fe0 e-con-full e-flex e-con e-child\" data-id=\"f5d3fe0\" data-element_type=\"container\">\n\t\t\t\t<div class=\"elementor-element elementor-element-fe0be01 elementor-widget elementor-widget-menu-anchor\" data-id=\"fe0be01\" data-element_type=\"widget\" data-widget_type=\"menu-anchor.default\">\n\t\t\t\t<div class=\"elementor-widget-container\">\n\t\t\t\t\t\t\t<div class=\"elementor-menu-anchor\" id=\"kontakt\"><\/div>\n\t\t\t\t\t\t<\/div>\n\t\t\t\t<\/div>\n\t\t\t\t<div class=\"elementor-element elementor-element-b949956 elementor-widget elementor-widget-heading\" data-id=\"b949956\" data-element_type=\"widget\" data-widget_type=\"heading.default\">\n\t\t\t\t<div class=\"elementor-widget-container\">\n\t\t\t\t\t<h2 class=\"elementor-heading-title elementor-size-default\">Dowiedz si\u0119 wi\u0119cej<\/h2>\t\t\t\t<\/div>\n\t\t\t\t<\/div>\n\t\t\t\t<div class=\"elementor-element elementor-element-c4fa2f8 elementor-widget elementor-widget-text-editor\" data-id=\"c4fa2f8\" data-element_type=\"widget\" data-widget_type=\"text-editor.default\">\n\t\t\t\t<div class=\"elementor-widget-container\">\n\t\t\t\t\t\t\t\t\t<p>sekcja w budowie<\/p>\t\t\t\t\t\t\t\t<\/div>\n\t\t\t\t<\/div>\n\t\t\t\t<\/div>\n\t\t\t\t\t<\/div>\n\t\t\t\t<\/div>\n\t\t<div class=\"elementor-element elementor-element-2d28d57 e-flex e-con-boxed e-con e-parent\" data-id=\"2d28d57\" data-element_type=\"container\">\n\t\t\t\t\t<div class=\"e-con-inner\">\n\t\t<div class=\"elementor-element elementor-element-e4014d1 e-con-full e-flex e-con e-child\" data-id=\"e4014d1\" data-element_type=\"container\">\n\t\t\t\t<div class=\"elementor-element elementor-element-cbca680 elementor-widget elementor-widget-menu-anchor\" data-id=\"cbca680\" data-element_type=\"widget\" data-widget_type=\"menu-anchor.default\">\n\t\t\t\t<div class=\"elementor-widget-container\">\n\t\t\t\t\t\t\t<div class=\"elementor-menu-anchor\" id=\"kontakt\"><\/div>\n\t\t\t\t\t\t<\/div>\n\t\t\t\t<\/div>\n\t\t\t\t<div class=\"elementor-element elementor-element-2932812 elementor-widget elementor-widget-menu-anchor\" data-id=\"2932812\" data-element_type=\"widget\" data-widget_type=\"menu-anchor.default\">\n\t\t\t\t<div class=\"elementor-widget-container\">\n\t\t\t\t\t\t\t<div class=\"elementor-menu-anchor\" id=\"kontakt\"><\/div>\n\t\t\t\t\t\t<\/div>\n\t\t\t\t<\/div>\n\t\t\t\t<div class=\"elementor-element elementor-element-69e63e8 elementor-widget elementor-widget-heading\" data-id=\"69e63e8\" data-element_type=\"widget\" data-widget_type=\"heading.default\">\n\t\t\t\t<div class=\"elementor-widget-container\">\n\t\t\t\t\t<h2 class=\"elementor-heading-title elementor-size-default\">Kontakt<\/h2>\t\t\t\t<\/div>\n\t\t\t\t<\/div>\n\t\t\t\t<\/div>\n\t\t<div class=\"elementor-element elementor-element-733179a e-con-full e-flex e-con e-child\" data-id=\"733179a\" data-element_type=\"container\">\n\t\t\t\t<div class=\"elementor-element elementor-element-bf79c14 elementor-view-default elementor-widget elementor-widget-icon\" data-id=\"bf79c14\" data-element_type=\"widget\" data-widget_type=\"icon.default\">\n\t\t\t\t<div class=\"elementor-widget-container\">\n\t\t\t\t\t\t\t<div class=\"elementor-icon-wrapper\">\n\t\t\t<a class=\"elementor-icon\" href=\"tel:+48%2032%20725%2018%2064\">\n\t\t\t<svg aria-hidden=\"true\" class=\"e-font-icon-svg e-fas-phone\" viewBox=\"0 0 512 512\" xmlns=\"http:\/\/www.w3.org\/2000\/svg\"><path d=\"M493.4 24.6l-104-24c-11.3-2.6-22.9 3.3-27.5 13.9l-48 112c-4.2 9.8-1.4 21.3 6.9 28l60.6 49.6c-36 76.7-98.9 140.5-177.2 177.2l-49.6-60.6c-6.8-8.3-18.2-11.1-28-6.9l-112 48C3.9 366.5-2 378.1.6 389.4l24 104C27.1 504.2 36.7 512 48 512c256.1 0 464-207.5 464-464 0-11.2-7.7-20.9-18.6-23.4z\"><\/path><\/svg>\t\t\t<\/a>\n\t\t<\/div>\n\t\t\t\t\t\t<\/div>\n\t\t\t\t<\/div>\n\t\t\t\t<div class=\"elementor-element elementor-element-698fab4 elementor-widget elementor-widget-text-editor\" data-id=\"698fab4\" data-element_type=\"widget\" data-widget_type=\"text-editor.default\">\n\t\t\t\t<div class=\"elementor-widget-container\">\n\t\t\t\t\t\t\t\t\t<p>+48 32 725 18 64<\/p>\t\t\t\t\t\t\t\t<\/div>\n\t\t\t\t<\/div>\n\t\t\t\t<div class=\"elementor-element elementor-element-b90412d elementor-view-default elementor-widget elementor-widget-icon\" data-id=\"b90412d\" data-element_type=\"widget\" data-widget_type=\"icon.default\">\n\t\t\t\t<div class=\"elementor-widget-container\">\n\t\t\t\t\t\t\t<div class=\"elementor-icon-wrapper\">\n\t\t\t<a class=\"elementor-icon\" href=\"mailto:mchromy@poczta.fm\">\n\t\t\t<svg aria-hidden=\"true\" class=\"e-font-icon-svg e-far-envelope\" viewBox=\"0 0 512 512\" xmlns=\"http:\/\/www.w3.org\/2000\/svg\"><path d=\"M464 64H48C21.49 64 0 85.49 0 112v288c0 26.51 21.49 48 48 48h416c26.51 0 48-21.49 48-48V112c0-26.51-21.49-48-48-48zm0 48v40.805c-22.422 18.259-58.168 46.651-134.587 106.49-16.841 13.247-50.201 45.072-73.413 44.701-23.208.375-56.579-31.459-73.413-44.701C106.18 199.465 70.425 171.067 48 152.805V112h416zM48 400V214.398c22.914 18.251 55.409 43.862 104.938 82.646 21.857 17.205 60.134 55.186 103.062 54.955 42.717.231 80.509-37.199 103.053-54.947 49.528-38.783 82.032-64.401 104.947-82.653V400H48z\"><\/path><\/svg>\t\t\t<\/a>\n\t\t<\/div>\n\t\t\t\t\t\t<\/div>\n\t\t\t\t<\/div>\n\t\t\t\t<div class=\"elementor-element elementor-element-f1748a4 elementor-widget elementor-widget-text-editor\" data-id=\"f1748a4\" data-element_type=\"widget\" data-widget_type=\"text-editor.default\">\n\t\t\t\t<div class=\"elementor-widget-container\">\n\t\t\t\t\t\t\t\t\t<p><a href=\"mailto:mchromy@poczta.fm\" target=\"_blank\" rel=\"noopener\">mchromy@poczta.fm<\/a><\/p>\t\t\t\t\t\t\t\t<\/div>\n\t\t\t\t<\/div>\n\t\t\t\t<div class=\"elementor-element elementor-element-a248c3d elementor-view-default elementor-widget elementor-widget-icon\" data-id=\"a248c3d\" data-element_type=\"widget\" data-widget_type=\"icon.default\">\n\t\t\t\t<div class=\"elementor-widget-container\">\n\t\t\t\t\t\t\t<div class=\"elementor-icon-wrapper\">\n\t\t\t<a class=\"elementor-icon\" href=\"https:\/\/www.facebook.com\/marcinchromy.gliwice\/\">\n\t\t\t<svg aria-hidden=\"true\" class=\"e-font-icon-svg e-fab-facebook-square\" viewBox=\"0 0 448 512\" xmlns=\"http:\/\/www.w3.org\/2000\/svg\"><path d=\"M400 32H48A48 48 0 0 0 0 80v352a48 48 0 0 0 48 48h137.25V327.69h-63V256h63v-54.64c0-62.15 37-96.48 93.67-96.48 27.14 0 55.52 4.84 55.52 4.84v61h-31.27c-30.81 0-40.42 19.12-40.42 38.73V256h68.78l-11 71.69h-57.78V480H400a48 48 0 0 0 48-48V80a48 48 0 0 0-48-48z\"><\/path><\/svg>\t\t\t<\/a>\n\t\t<\/div>\n\t\t\t\t\t\t<\/div>\n\t\t\t\t<\/div>\n\t\t\t\t<\/div>\n\t\t<div class=\"elementor-element elementor-element-234a14e e-con-full e-flex e-con e-child\" data-id=\"234a14e\" data-element_type=\"container\">\n\t\t\t\t<div class=\"elementor-element elementor-element-77f3b1e elementor-widget elementor-widget-text-editor\" data-id=\"77f3b1e\" data-element_type=\"widget\" data-widget_type=\"text-editor.default\">\n\t\t\t\t<div class=\"elementor-widget-container\">\n\t\t\t\t\t\t\t\t\t<div id=\"infh\">Godziny pracy:<\/div>\n<div>\n<div id=\"pond\">Poniedzia\u0142ek:<\/div>\n<div id=\"ponh\">12:00 &#8211; 19:00<\/div>\n<\/div>\n<div>\n<div id=\"wtd\">Wtorek:<\/div>\n<div id=\"wth\">12:00 &#8211; 19:00<\/div>\n<\/div>\n<div>\n<div id=\"srd\">\u015aroda:<\/div>\n<div id=\"srh\">10:00 &#8211; 15:00<\/div>\n<div>\n<div id=\"czwd\">Czwartek:<\/div>\n<div id=\"czwh\">12:00 &#8211; 19:00<\/div><div id=\"czwh\">Pi\u0105tek:<\/div><div id=\"czwh\">Nieczynne<\/div>\n<\/div>\n<\/div>\t\t\t\t\t\t\t\t<\/div>\n\t\t\t\t<\/div>\n\t\t\t\t<\/div>\n\t\t\t\t\t<\/div>\n\t\t\t\t<\/div>\n\t\t\t\t<\/div>\n\t\t","protected":false},"excerpt":{"rendered":"<p>O nas Gabinet stomatologiczny istnieje od 1999 roku. Najpierw mia\u0142 siedzib\u0119 w\u00a0Bytomiu, przy ulicy Ch\u0142odnej 1, a nast\u0119pnie zosta\u0142 przeniesiony do Gliwic, gdzie funkcjonuje do dzi\u015b. Na wizyty mo\u017cna umawia\u0107 si\u0119 osobi\u015bcie lub telefonicznie w\u00a0godzinach pracy gabinetu. Przy umawianiu wizyty zostanie Pa\u0144stwu wyznaczony konkretny dzie\u0144 i godzina, aby nie tracili Pa\u0144stwo cennego czasu w poczekalni. [&hellip;]<\/p>\n","protected":false},"author":1,"featured_media":0,"parent":0,"menu_order":0,"comment_status":"closed","ping_status":"closed","template":"elementor_header_footer","meta":{"zakra_sidebar_layout":"customizer","zakra_remove_content_margin":false,"zakra_sidebar":"customizer","zakra_transparent_header":"customizer","zakra_logo":0,"zakra_main_header_style":"default","zakra_menu_item_color":"","zakra_menu_item_hover_color":"","zakra_menu_item_active_color":"","zakra_menu_active_style":"zakra_menu_active_style","zakra_page_header":true,"footnotes":""},"class_list":["post-281","page","type-page","status-publish","hentry"],"_links":{"self":[{"href":"https:\/\/doktorchromy.pl\/index.php\/wp-json\/wp\/v2\/pages\/281","targetHints":{"allow":["GET"]}}],"collection":[{"href":"https:\/\/doktorchromy.pl\/index.php\/wp-json\/wp\/v2\/pages"}],"about":[{"href":"https:\/\/doktorchromy.pl\/index.php\/wp-json\/wp\/v2\/types\/page"}],"author":[{"embeddable":true,"href":"https:\/\/doktorchromy.pl\/index.php\/wp-json\/wp\/v2\/users\/1"}],"replies":[{"embeddable":true,"href":"https:\/\/doktorchromy.pl\/index.php\/wp-json\/wp\/v2\/comments?post=281"}],"version-history":[{"count":130,"href":"https:\/\/doktorchromy.pl\/index.php\/wp-json\/wp\/v2\/pages\/281\/revisions"}],"predecessor-version":[{"id":497,"href":"https:\/\/doktorchromy.pl\/index.php\/wp-json\/wp\/v2\/pages\/281\/revisions\/497"}],"wp:attachment":[{"href":"https:\/\/doktorchromy.pl\/index.php\/wp-json\/wp\/v2\/media?parent=281"}],"curies":[{"name":"wp","href":"https:\/\/api.w.org\/{rel}","templated":true}]}}